{"id":116,"date":"2022-12-07T22:13:06","date_gmt":"2022-12-07T22:13:06","guid":{"rendered":"http:\/\/zenboat.local\/?page_id=116"},"modified":"2023-05-16T14:23:08","modified_gmt":"2023-05-16T14:23:08","slug":"journeys","status":"publish","type":"page","link":"https:\/\/zen-boat.com\/fr\/journeys\/","title":{"rendered":"Voyages"},"content":{"rendered":"<div id=\"hero-block_fa29af223933d27511ece95ada29b217\"\n\t\t     class=\"hero                h-[575px]                w-full                relative\"\n\t\t>\n\t\t\t<video class=\"absolute inset-0 w-full h-full object-cover\" muted loop autoplay playsinline>\n\t\t\t\t<source src=\"https:\/\/zen-boat.com\/wp-content\/uploads\/2022\/12\/Zenboat_Mediterranean_Journeys.mp4\" type=\"video\/mp4\">\n\t\t\t\tVotre navigateur ne prend pas en charge la balise vid\u00e9o.\n\t\t\t<\/video>\n\t\t\t<div class=\"relative z-10 flex flex-col h-full w-full items-center justify-between py-16\">\n\t\t\t\t<div><\/div>\n\t\t\t\t<div class=\"container\">\n\t\t\t\t\t\t\t\t\t<\/div>\n\t\t\t\t\t\t\t\t\t\t\t<\/div>\n\t\t<\/div>\n\n\t\n\n\n\n\n<div class=\"page-introduction        bg-white        py-16 lg:py-32        relative\"\n>\n    <div class=\"container flex flex-col gap-8\">\n        <div class=\"w-full\">\n            <p class=\"text-sm font-light text-text\/80\" data-aos=\"fade-up\" data-aos-duration=\"800\">\n                NOS VOYAGES            <\/p>\n            <h3 class=\"text-[40px] font-light max-w-sm text-text mt-6 leading-tight\" data-aos=\"fade-up\" data-aos-duration=\"800\" data-aos-delay=\"200\">\n                Itin\u00e9raires 2023            <\/h3>\n        <\/div>\n        <div class=\"w-full flex lg:justify-end\">\n            <div class=\"font-calluna leading-loose max-w-md font-light text-text\/80\" data-aos=\"fade-up\" data-aos-duration=\"800\" data-aos-delay=\"400\">\n                <p>De la magie du P\u00e9loponn\u00e8se aux mystiques \u00eeles Saroniques, d\u00e9couvrez la beaut\u00e9 naturelle des paysages de la M\u00e9diterran\u00e9e, parsem\u00e9s de cypr\u00e8s, d'oliviers, de vignobles, de belles plages de sable et d'eaux bleu \u00e9meraude. <\/p>\n            <\/div>\n        <\/div>\n    <\/div>\n\n<\/div>\n\n\n\n\t<div id=\"itineraries-block_7ff617e586e316f1b339cfa45466bed0\"\n\t     class=\"itineraries            bg-white            pt-12 lg:pt-32            flex flex-col lg:flex-row\"\n\t>\n\n\t\t\t\t\t<a href=\"https:\/\/zen-boat.com\/fr\/itinerary\/diamonds-pearls\/\" class=\"block group w-full lg:w-4\/12 relative\"\n\t\t\t   data-aos=\"fade-up\" data-aos-duration=\"800\" data-aos-delay=\"200\">\n\t\t\t\t<div class=\"aspect-w-4 aspect-h-5 overflow-hidden relative\">\n\t\t\t\t\t<div class=\"absolute z-10 inset-0 w-full h-full bg-black\/30\"><\/div>\n\t\t\t\t\t<img decoding=\"async\" src=\"https:\/\/zen-boat.com\/wp-content\/uploads\/2022\/12\/AdobeStock_295404573-copy.png\"\n\t\t\t\t\t     alt=\"Trip Image\"\n\t\t\t\t\t     class=\"absolute inset-0 w-full h-full object-cover group-hover:scale-110 transition-all duration-2000\"\n\t\t\t\t\t\/>\n\t\t\t\t<\/div>\n\t\t\t\t<div class=\"absolute z-20 inset-0 flex w-full h-full items-end px-16 py-20\">\n\t\t\t\t\t<div class=\"flex flex-col gap-3 text-white\">\n\t\t\t\t\t\t<div class=\"flex gap-1 items-center\">\n\t\t\t\t\t\t\tVOYAGE DE 7 JOURS \u2013 SEPTEMBRE 2023\t\t\t\t\t\t\t\t\t\t\t\t\t\t\t\t\t\t\t\t\t\t<div class=\"ml-2 bg-white px-3 py-1 text-xs text-primary rounded whitespace-nowrap\">\n\t\t\t\t\t\t\t\t\tSOLDER\n\t\t\t\t\t\t\t\t<\/div>\n\t\t\t\t\t\t\t\t\t\t\t\t\t<\/div>\n\t\t\t\t\t\t<h3 class=\"text-[40px] leading-tight font-light max-w-[250px]\">\n\t\t\t\t\t\t\tDiamonds &amp; Pearls\t\t\t\t\t\t<\/h3>\n\t\t\t\t\t\t<p class=\"text-[12px] font-light max-w-[250px]\">\n\t\t\t\t\t\t\tVous menant de l'\u00eele de Corfu jusqu'\u00e0 Ath\u00e8nes,  ce voyage de 7 jours fait escale dans diff\u00e9rentes \u00eeles grecques et des destinations continentales. Vous ferez \u00e9galement l'exp\u00e9rience exceptionnelle de passer par le Canal de Corinthe.\t\t\t\t\t\t<\/p>\n\t\t\t\t\t\t<div class=\"flex gap-4 mt-4\">\n\t\t\t\t\t\t\t<div class=\"border-white border rounded-full px-10 flex items-center text-white font-light text-[12px] group-hover:bg-white group-hover:text-text transition-all duration-1000\">\n\t\t\t\t\t\t\t\tD\u00e9couvrir\n\t\t\t\t\t\t\t<\/div>\n\t\t\t\t\t\t\t<div class=\"flex flex-col\">\n                        <span class=\"text-[10px] font-light\">\n                            A PARTIR DE\n                        <\/span>\n\t\t\t\t\t\t\t\t<span>\n                            \u20ac2400                            <span class=\"text-[8px]\">pp<\/span>\n                        <\/span>\n\t\t\t\t\t\t\t<\/div>\n\t\t\t\t\t\t<\/div>\n\t\t\t\t\t<\/div>\n\t\t\t\t<\/div>\n\t\t\t<\/a>\n\t\t\t\t\t<a href=\"https:\/\/zen-boat.com\/fr\/itinerary\/ionian-odyssey\/\" class=\"block group w-full lg:w-4\/12 relative\"\n\t\t\t   data-aos=\"fade-up\" data-aos-duration=\"800\" data-aos-delay=\"400\">\n\t\t\t\t<div class=\"aspect-w-4 aspect-h-5 overflow-hidden relative\">\n\t\t\t\t\t<div class=\"absolute z-10 inset-0 w-full h-full bg-black\/30\"><\/div>\n\t\t\t\t\t<img decoding=\"async\" src=\"https:\/\/zen-boat.com\/wp-content\/uploads\/2022\/12\/ioonian.png\"\n\t\t\t\t\t     alt=\"Trip Image\"\n\t\t\t\t\t     class=\"absolute inset-0 w-full h-full object-cover group-hover:scale-110 transition-all duration-2000\"\n\t\t\t\t\t\/>\n\t\t\t\t<\/div>\n\t\t\t\t<div class=\"absolute z-20 inset-0 flex w-full h-full items-end px-16 py-20\">\n\t\t\t\t\t<div class=\"flex flex-col gap-3 text-white\">\n\t\t\t\t\t\t<div class=\"flex gap-1 items-center\">\n\t\t\t\t\t\t\tVOYAGE DE 7 JOURS \u2013 SEPTEMBRE 2023\t\t\t\t\t\t\t\t\t\t\t\t\t\t\t\t\t\t\t\t\t\t<div class=\"ml-2 bg-white px-3 py-1 text-xs text-primary rounded whitespace-nowrap\">\n\t\t\t\t\t\t\t\t\tSOLDER\n\t\t\t\t\t\t\t\t<\/div>\n\t\t\t\t\t\t\t\t\t\t\t\t\t<\/div>\n\t\t\t\t\t\t<h3 class=\"text-[40px] leading-tight font-light max-w-[250px]\">\n\t\t\t\t\t\t\tIonian Odyssey\t\t\t\t\t\t<\/h3>\n\t\t\t\t\t\t<p class=\"text-[12px] font-light max-w-[250px]\">\n\t\t\t\t\t\t\tAu d\u00e9part de Zakynthos, vous passerez d'une \u00eele \u00e0 l'autre dans les eaux turquoises de la mer Ionienne. Vous visiterez des destinations insulaires l\u00e9gendaires, ainsi que des escales moins connues. Nos petits bateaux peuvent vous emmener vers de belles plages et des criques isol\u00e9es.\t\t\t\t\t\t<\/p>\n\t\t\t\t\t\t<div class=\"flex gap-4 mt-4\">\n\t\t\t\t\t\t\t<div class=\"border-white border rounded-full px-10 flex items-center text-white font-light text-[12px] group-hover:bg-white group-hover:text-text transition-all duration-1000\">\n\t\t\t\t\t\t\t\tD\u00e9couvrir\n\t\t\t\t\t\t\t<\/div>\n\t\t\t\t\t\t\t<div class=\"flex flex-col\">\n                        <span class=\"text-[10px] font-light\">\n                            A PARTIR DE\n                        <\/span>\n\t\t\t\t\t\t\t\t<span>\n                            \u20ac2400                            <span class=\"text-[8px]\">pp<\/span>\n                        <\/span>\n\t\t\t\t\t\t\t<\/div>\n\t\t\t\t\t\t<\/div>\n\t\t\t\t\t<\/div>\n\t\t\t\t<\/div>\n\t\t\t<\/a>\n\t\t\t\t\t<a href=\"https:\/\/zen-boat.com\/fr\/itinerary\/icons-and-islands\/\" class=\"block group w-full lg:w-4\/12 relative\"\n\t\t\t   data-aos=\"fade-up\" data-aos-duration=\"800\" data-aos-delay=\"600\">\n\t\t\t\t<div class=\"aspect-w-4 aspect-h-5 overflow-hidden relative\">\n\t\t\t\t\t<div class=\"absolute z-10 inset-0 w-full h-full bg-black\/30\"><\/div>\n\t\t\t\t\t<img decoding=\"async\" src=\"https:\/\/zen-boat.com\/wp-content\/uploads\/2022\/12\/kira-laktionov-aDw0e215X_o-unsplash-copy-1.png\"\n\t\t\t\t\t     alt=\"Trip Image\"\n\t\t\t\t\t     class=\"absolute inset-0 w-full h-full object-cover group-hover:scale-110 transition-all duration-2000\"\n\t\t\t\t\t\/>\n\t\t\t\t<\/div>\n\t\t\t\t<div class=\"absolute z-20 inset-0 flex w-full h-full items-end px-16 py-20\">\n\t\t\t\t\t<div class=\"flex flex-col gap-3 text-white\">\n\t\t\t\t\t\t<div class=\"flex gap-1 items-center\">\n\t\t\t\t\t\t\tVOYAGE DE 7 JOURS \u2013 SEPTEMBRE 2023\t\t\t\t\t\t\t\t\t\t\t\t\t\t\t\t\t\t\t\t\t\t<div class=\"ml-2 bg-white px-3 py-1 text-xs text-primary rounded whitespace-nowrap\">\n\t\t\t\t\t\t\t\t\tSOLDER\n\t\t\t\t\t\t\t\t<\/div>\n\t\t\t\t\t\t\t\t\t\t\t\t\t<\/div>\n\t\t\t\t\t\t<h3 class=\"text-[40px] leading-tight font-light max-w-[250px]\">\n\t\t\t\t\t\t\tIcons and Islands\t\t\t\t\t\t<\/h3>\n\t\t\t\t\t\t<p class=\"text-[12px] font-light max-w-[250px]\">\n\t\t\t\t\t\t\tCe voyage de 7 jours au d\u00e9part d'Ath\u00e8nes vous emm\u00e8ne dans certaines des \u00eeles les plus c\u00e9l\u00e8bres de la mer \u00c9g\u00e9e. En plus de la possibilit\u00e9 de visiter des sites arch\u00e9ologiques l\u00e9gendaires, vous passerez d'une \u00eele \u00e0 l'autre dans le sublime golfe Saronique.\t\t\t\t\t\t<\/p>\n\t\t\t\t\t\t<div class=\"flex gap-4 mt-4\">\n\t\t\t\t\t\t\t<div class=\"border-white border rounded-full px-10 flex items-center text-white font-light text-[12px] group-hover:bg-white group-hover:text-text transition-all duration-1000\">\n\t\t\t\t\t\t\t\tD\u00e9couvrir\n\t\t\t\t\t\t\t<\/div>\n\t\t\t\t\t\t\t<div class=\"flex flex-col\">\n                        <span class=\"text-[10px] font-light\">\n                            A PARTIR DE\n                        <\/span>\n\t\t\t\t\t\t\t\t<span>\n                            \u20ac2400                            <span class=\"text-[8px]\">pp<\/span>\n                        <\/span>\n\t\t\t\t\t\t\t<\/div>\n\t\t\t\t\t\t<\/div>\n\t\t\t\t\t<\/div>\n\t\t\t\t<\/div>\n\t\t\t<\/a>\n\t\t\t<\/div>\n\n<!--37471983-->","protected":false},"excerpt":{"rendered":"","protected":false},"author":1,"featured_media":0,"parent":0,"menu_order":0,"comment_status":"closed","ping_status":"closed","template":"","meta":{"inline_featured_image":false,"footnotes":""},"class_list":["post-116","page","type-page","status-publish","hentry"],"acf":[],"yoast_head":"<!-- This site is optimized with the Yoast SEO plugin v27.4 - https:\/\/yoast.com\/product\/yoast-seo-wordpress\/ -->\n<title>Journeys - ZenBoat<\/title>\n<meta name=\"description\" content=\"The ultimate wellbeing experience for a holistic mind and body.\" \/>\n<meta name=\"robots\" content=\"index, follow, max-snippet:-1, max-image-preview:large, max-video-preview:-1\" \/>\n<link rel=\"canonical\" href=\"https:\/\/zen-boat.com\/fr\/journeys\/\" \/>\n<meta property=\"og:locale\" content=\"fr_FR\" \/>\n<meta property=\"og:type\" content=\"article\" \/>\n<meta property=\"og:title\" content=\"Journeys - ZenBoat\" \/>\n<meta property=\"og:description\" content=\"The ultimate wellbeing experience for a holistic mind and body.\" \/>\n<meta property=\"og:url\" content=\"https:\/\/zen-boat.com\/fr\/journeys\/\" \/>\n<meta property=\"og:site_name\" content=\"ZenBoat\" \/>\n<meta property=\"article:modified_time\" content=\"2023-05-16T14:23:08+00:00\" \/>\n<meta name=\"twitter:card\" content=\"summary_large_image\" \/>\n<script type=\"application\/ld+json\" class=\"yoast-schema-graph\">{\"@context\":\"https:\\\/\\\/schema.org\",\"@graph\":[{\"@type\":\"WebPage\",\"@id\":\"https:\\\/\\\/zen-boat.com\\\/journeys\\\/\",\"url\":\"https:\\\/\\\/zen-boat.com\\\/journeys\\\/\",\"name\":\"Journeys - ZenBoat\",\"isPartOf\":{\"@id\":\"https:\\\/\\\/zen-boat.com\\\/#website\"},\"datePublished\":\"2022-12-07T22:13:06+00:00\",\"dateModified\":\"2023-05-16T14:23:08+00:00\",\"description\":\"The ultimate wellbeing experience for a holistic mind and body.\",\"breadcrumb\":{\"@id\":\"https:\\\/\\\/zen-boat.com\\\/journeys\\\/#breadcrumb\"},\"inLanguage\":\"fr-FR\",\"potentialAction\":[{\"@type\":\"ReadAction\",\"target\":[\"https:\\\/\\\/zen-boat.com\\\/journeys\\\/\"]}]},{\"@type\":\"BreadcrumbList\",\"@id\":\"https:\\\/\\\/zen-boat.com\\\/journeys\\\/#breadcrumb\",\"itemListElement\":[{\"@type\":\"ListItem\",\"position\":1,\"name\":\"Home\",\"item\":\"https:\\\/\\\/zen-boat.com\\\/\"},{\"@type\":\"ListItem\",\"position\":2,\"name\":\"Journeys\"}]},{\"@type\":\"WebSite\",\"@id\":\"https:\\\/\\\/zen-boat.com\\\/#website\",\"url\":\"https:\\\/\\\/zen-boat.com\\\/\",\"name\":\"ZenBoat\",\"description\":\"Luxury Sailing Trips\",\"publisher\":{\"@id\":\"https:\\\/\\\/zen-boat.com\\\/#organization\"},\"potentialAction\":[{\"@type\":\"SearchAction\",\"target\":{\"@type\":\"EntryPoint\",\"urlTemplate\":\"https:\\\/\\\/zen-boat.com\\\/?s={search_term_string}\"},\"query-input\":{\"@type\":\"PropertyValueSpecification\",\"valueRequired\":true,\"valueName\":\"search_term_string\"}}],\"inLanguage\":\"fr-FR\"},{\"@type\":\"Organization\",\"@id\":\"https:\\\/\\\/zen-boat.com\\\/#organization\",\"name\":\"ZenBoat\",\"url\":\"https:\\\/\\\/zen-boat.com\\\/\",\"logo\":{\"@type\":\"ImageObject\",\"inLanguage\":\"fr-FR\",\"@id\":\"https:\\\/\\\/zen-boat.com\\\/#\\\/schema\\\/logo\\\/image\\\/\",\"url\":\"https:\\\/\\\/zen-boat.com\\\/wp-content\\\/uploads\\\/2022\\\/12\\\/logo.svg\",\"contentUrl\":\"https:\\\/\\\/zen-boat.com\\\/wp-content\\\/uploads\\\/2022\\\/12\\\/logo.svg\",\"width\":\"1024\",\"height\":\"1024\",\"caption\":\"ZenBoat\"},\"image\":{\"@id\":\"https:\\\/\\\/zen-boat.com\\\/#\\\/schema\\\/logo\\\/image\\\/\"}}]}<\/script>\n<!-- \/ Yoast SEO plugin. -->","yoast_head_json":{"title":"Journeys - ZenBoat","description":"The ultimate wellbeing experience for a holistic mind and body.","robots":{"index":"index","follow":"follow","max-snippet":"max-snippet:-1","max-image-preview":"max-image-preview:large","max-video-preview":"max-video-preview:-1"},"canonical":"https:\/\/zen-boat.com\/fr\/journeys\/","og_locale":"fr_FR","og_type":"article","og_title":"Journeys - ZenBoat","og_description":"The ultimate wellbeing experience for a holistic mind and body.","og_url":"https:\/\/zen-boat.com\/fr\/journeys\/","og_site_name":"ZenBoat","article_modified_time":"2023-05-16T14:23:08+00:00","twitter_card":"summary_large_image","schema":{"@context":"https:\/\/schema.org","@graph":[{"@type":"WebPage","@id":"https:\/\/zen-boat.com\/journeys\/","url":"https:\/\/zen-boat.com\/journeys\/","name":"Journeys - ZenBoat","isPartOf":{"@id":"https:\/\/zen-boat.com\/#website"},"datePublished":"2022-12-07T22:13:06+00:00","dateModified":"2023-05-16T14:23:08+00:00","description":"The ultimate wellbeing experience for a holistic mind and body.","breadcrumb":{"@id":"https:\/\/zen-boat.com\/journeys\/#breadcrumb"},"inLanguage":"fr-FR","potentialAction":[{"@type":"ReadAction","target":["https:\/\/zen-boat.com\/journeys\/"]}]},{"@type":"BreadcrumbList","@id":"https:\/\/zen-boat.com\/journeys\/#breadcrumb","itemListElement":[{"@type":"ListItem","position":1,"name":"Home","item":"https:\/\/zen-boat.com\/"},{"@type":"ListItem","position":2,"name":"Journeys"}]},{"@type":"WebSite","@id":"https:\/\/zen-boat.com\/#website","url":"https:\/\/zen-boat.com\/","name":"ZenBoat","description":"Luxury Sailing Trips","publisher":{"@id":"https:\/\/zen-boat.com\/#organization"},"potentialAction":[{"@type":"SearchAction","target":{"@type":"EntryPoint","urlTemplate":"https:\/\/zen-boat.com\/?s={search_term_string}"},"query-input":{"@type":"PropertyValueSpecification","valueRequired":true,"valueName":"search_term_string"}}],"inLanguage":"fr-FR"},{"@type":"Organization","@id":"https:\/\/zen-boat.com\/#organization","name":"ZenBoat","url":"https:\/\/zen-boat.com\/","logo":{"@type":"ImageObject","inLanguage":"fr-FR","@id":"https:\/\/zen-boat.com\/#\/schema\/logo\/image\/","url":"https:\/\/zen-boat.com\/wp-content\/uploads\/2022\/12\/logo.svg","contentUrl":"https:\/\/zen-boat.com\/wp-content\/uploads\/2022\/12\/logo.svg","width":"1024","height":"1024","caption":"ZenBoat"},"image":{"@id":"https:\/\/zen-boat.com\/#\/schema\/logo\/image\/"}}]}},"_links":{"self":[{"href":"https:\/\/zen-boat.com\/fr\/wp-json\/wp\/v2\/pages\/116","targetHints":{"allow":["GET"]}}],"collection":[{"href":"https:\/\/zen-boat.com\/fr\/wp-json\/wp\/v2\/pages"}],"about":[{"href":"https:\/\/zen-boat.com\/fr\/wp-json\/wp\/v2\/types\/page"}],"author":[{"embeddable":true,"href":"https:\/\/zen-boat.com\/fr\/wp-json\/wp\/v2\/users\/1"}],"replies":[{"embeddable":true,"href":"https:\/\/zen-boat.com\/fr\/wp-json\/wp\/v2\/comments?post=116"}],"version-history":[{"count":13,"href":"https:\/\/zen-boat.com\/fr\/wp-json\/wp\/v2\/pages\/116\/revisions"}],"predecessor-version":[{"id":1064,"href":"https:\/\/zen-boat.com\/fr\/wp-json\/wp\/v2\/pages\/116\/revisions\/1064"}],"wp:attachment":[{"href":"https:\/\/zen-boat.com\/fr\/wp-json\/wp\/v2\/media?parent=116"}],"curies":[{"name":"wp","href":"https:\/\/api.w.org\/{rel}","templated":true}]}}