{"id":120,"date":"2022-12-07T22:13:26","date_gmt":"2022-12-07T22:13:26","guid":{"rendered":"http:\/\/zenboat.local\/?page_id=120"},"modified":"2023-06-13T12:47:28","modified_gmt":"2023-06-13T12:47:28","slug":"sustainability","status":"publish","type":"page","link":"https:\/\/zen-boat.com\/fr\/sustainability\/","title":{"rendered":"Durabilit\u00e9"},"content":{"rendered":"<div id=\"hero-block_f4b5c99e719d91ff07996c5c73739b2f\"\n\t\t     class=\"hero                h-[575px]                w-full                relative\"\n\t\t>\n\t\t\t<video class=\"absolute inset-0 w-full h-full object-cover\" muted loop autoplay playsinline>\n\t\t\t\t<source src=\"https:\/\/zen-boat.com\/wp-content\/uploads\/2022\/12\/Zenboat-Mediterranean-Cruise-Sustainability.mp4\" type=\"video\/mp4\">\n\t\t\t\tVotre navigateur ne prend pas en charge la balise vid\u00e9o.\n\t\t\t<\/video>\n\t\t\t<div class=\"relative z-10 flex flex-col h-full w-full items-center justify-between py-16\">\n\t\t\t\t<div><\/div>\n\t\t\t\t<div class=\"container\">\n\t\t\t\t\t\t\t\t\t<\/div>\n\t\t\t\t\t\t\t\t\t\t\t<\/div>\n\t\t<\/div>\n\n\t\n\n\n\n\n<div class=\"page-introduction        bg-secondary        py-16 lg:py-32        relative\"\n>\n    <div class=\"container flex flex-col gap-8\">\n        <div class=\"w-full\">\n            <p class=\"text-sm font-light text-text\/80\" data-aos=\"fade-up\" data-aos-duration=\"800\">\n                DURABILIT\u00c9            <\/p>\n            <h3 class=\"text-[40px] font-light max-w-sm text-text mt-6 leading-tight\" data-aos=\"fade-up\" data-aos-duration=\"800\" data-aos-delay=\"200\">\n                Tout ce que nous voulons laisser derri\u00e8re nous, ce sont les vagues de la mer            <\/h3>\n        <\/div>\n        <div class=\"w-full flex lg:justify-end\">\n            <div class=\"font-calluna leading-loose max-w-md font-light text-text\/80\" data-aos=\"fade-up\" data-aos-duration=\"800\" data-aos-delay=\"400\">\n                <p>Nous voulons que le monde reste aussi beau qu'il est, le plus longtemps possible, c'est pourquoi nous nous engageons \u00e0 laisser une petite empreinte carbone. <\/p>\n            <\/div>\n        <\/div>\n    <\/div>\n\n<\/div>\n\n\n\n<div class=\"text-image        bg-white        py-12 md:py-20 lg:py-32        relative\"\n>\n    <div class=\"container flex flex-col lg:flex-row gap-20\">\n        <div class=\"w-full lg:w-6\/12 order-1\">\n            <p class=\"text-sm font-light text-text\/80\" data-aos=\"fade-up\" data-aos-duration=\"800\">\n                VOYAGE RESPONSABLE            <\/p>\n            <h3 class=\"text-[40px] font-light max-w-sm text-text mt-10 leading-tight\" data-aos=\"fade-up\" data-aos-duration=\"800\" data-aos-delay=\"200\">\n                Soutenir les entreprises et les collectivit\u00e9s locales            <\/h3>\n                            <img decoding=\"async\" src=\"https:\/\/zen-boat.com\/wp-content\/uploads\/2023\/06\/Meditterranean-Food-Drink-Sustainability.jpg\"\n                     alt=\"Supporting local business and communities\"\n                     class=\"lg:hidden w-full h-96 object-cover my-6\"\n                \/>\n                        <div class=\"lg:my-16 flex lg:justify-end\">\n                <div class=\"prose md:max-w-sm text-text\/80 font-calluna\" data-aos=\"fade-up\" data-aos-duration=\"800\" data-aos-delay=\"400\">\n                    <p>Nous gardons un \u00e9tat d'esprit vert et soutenons les communaut\u00e9s locales. Nous le faisons en nous approvisionnant localement pour tous nos aliments ; en utilisant le moins de plastique possible et en veillant toujours \u00e0 recycler tout ce que nous utilisons\u00a0; choisir des fili\u00e8res responsables de gestion des d\u00e9chets ; et, en utilisant des mat\u00e9riaux respectueux de l'environnement.<\/p>\n                <\/div>\n            <\/div>\n        <\/div>\n        <div class=\"hidden w-6\/12 lg:flex flex-col justify-end  order-2\">\n                            <img decoding=\"async\" src=\"https:\/\/zen-boat.com\/wp-content\/uploads\/2023\/06\/Meditterranean-Food-Drink-Sustainability.jpg\"\n                     alt=\"Supporting local business and communities\"\n                     class=\"w-full h-full object-cover\"\n                \/>\n                    <\/div>\n    <\/div>\n\n<\/div>\n\n\n<div class=\"quote-block        bg-secondary        py-12 md:py-20 lg:py-32\"\n>\n    <div class=\"container\">\n        <h5 class=\"text-3xl lg:text-[40px] font-light leading-loose max-w-xl mx-auto text-center text-text\" data-aos=\"fade-up\" data-aos-duration=\"800\">\n            Nous n&#039;h\u00e9ritons pas la Terre de nos anc\u00eatres; nous l&#039;empruntons \u00e0 nos enfants        <\/h5>\n        <p class=\"text-center text-[18px] mt-8 text-text\/80\" data-aos=\"fade-up\" data-aos-duration=\"800\" data-aos-delay=\"200\">\n            Proverbe am\u00e9rindien        <\/p>\n    <\/div>\n<\/div><!--02e18c4c-->","protected":false},"excerpt":{"rendered":"","protected":false},"author":1,"featured_media":0,"parent":0,"menu_order":0,"comment_status":"closed","ping_status":"closed","template":"","meta":{"inline_featured_image":false,"footnotes":""},"class_list":["post-120","page","type-page","status-publish","hentry"],"acf":[],"yoast_head":"<!-- This site is optimized with the Yoast SEO plugin v27.6 - https:\/\/yoast.com\/product\/yoast-seo-wordpress\/ -->\n<title>Sustainability - ZenBoat<\/title>\n<meta name=\"description\" content=\"The ultimate wellbeing experience for a holistic mind and body.\" \/>\n<meta name=\"robots\" content=\"index, follow, max-snippet:-1, max-image-preview:large, max-video-preview:-1\" \/>\n<link rel=\"canonical\" href=\"https:\/\/zen-boat.com\/fr\/sustainability\/\" \/>\n<meta property=\"og:locale\" content=\"fr_FR\" \/>\n<meta property=\"og:type\" content=\"article\" \/>\n<meta property=\"og:title\" content=\"Sustainability - ZenBoat\" \/>\n<meta property=\"og:description\" content=\"The ultimate wellbeing experience for a holistic mind and body.\" \/>\n<meta property=\"og:url\" content=\"https:\/\/zen-boat.com\/fr\/sustainability\/\" \/>\n<meta property=\"og:site_name\" content=\"ZenBoat\" \/>\n<meta property=\"article:modified_time\" content=\"2023-06-13T12:47:28+00:00\" \/>\n<meta name=\"twitter:card\" content=\"summary_large_image\" \/>\n<script type=\"application\/ld+json\" class=\"yoast-schema-graph\">{\"@context\":\"https:\\\/\\\/schema.org\",\"@graph\":[{\"@type\":\"WebPage\",\"@id\":\"https:\\\/\\\/zen-boat.com\\\/sustainability\\\/\",\"url\":\"https:\\\/\\\/zen-boat.com\\\/sustainability\\\/\",\"name\":\"Sustainability - ZenBoat\",\"isPartOf\":{\"@id\":\"https:\\\/\\\/zen-boat.com\\\/#website\"},\"datePublished\":\"2022-12-07T22:13:26+00:00\",\"dateModified\":\"2023-06-13T12:47:28+00:00\",\"description\":\"The ultimate wellbeing experience for a holistic mind and body.\",\"breadcrumb\":{\"@id\":\"https:\\\/\\\/zen-boat.com\\\/sustainability\\\/#breadcrumb\"},\"inLanguage\":\"fr-FR\",\"potentialAction\":[{\"@type\":\"ReadAction\",\"target\":[\"https:\\\/\\\/zen-boat.com\\\/sustainability\\\/\"]}]},{\"@type\":\"BreadcrumbList\",\"@id\":\"https:\\\/\\\/zen-boat.com\\\/sustainability\\\/#breadcrumb\",\"itemListElement\":[{\"@type\":\"ListItem\",\"position\":1,\"name\":\"Home\",\"item\":\"https:\\\/\\\/zen-boat.com\\\/\"},{\"@type\":\"ListItem\",\"position\":2,\"name\":\"Sustainability\"}]},{\"@type\":\"WebSite\",\"@id\":\"https:\\\/\\\/zen-boat.com\\\/#website\",\"url\":\"https:\\\/\\\/zen-boat.com\\\/\",\"name\":\"ZenBoat\",\"description\":\"Luxury Sailing Trips\",\"publisher\":{\"@id\":\"https:\\\/\\\/zen-boat.com\\\/#organization\"},\"potentialAction\":[{\"@type\":\"SearchAction\",\"target\":{\"@type\":\"EntryPoint\",\"urlTemplate\":\"https:\\\/\\\/zen-boat.com\\\/?s={search_term_string}\"},\"query-input\":{\"@type\":\"PropertyValueSpecification\",\"valueRequired\":true,\"valueName\":\"search_term_string\"}}],\"inLanguage\":\"fr-FR\"},{\"@type\":\"Organization\",\"@id\":\"https:\\\/\\\/zen-boat.com\\\/#organization\",\"name\":\"ZenBoat\",\"url\":\"https:\\\/\\\/zen-boat.com\\\/\",\"logo\":{\"@type\":\"ImageObject\",\"inLanguage\":\"fr-FR\",\"@id\":\"https:\\\/\\\/zen-boat.com\\\/#\\\/schema\\\/logo\\\/image\\\/\",\"url\":\"https:\\\/\\\/zen-boat.com\\\/wp-content\\\/uploads\\\/2022\\\/12\\\/logo.svg\",\"contentUrl\":\"https:\\\/\\\/zen-boat.com\\\/wp-content\\\/uploads\\\/2022\\\/12\\\/logo.svg\",\"width\":\"1024\",\"height\":\"1024\",\"caption\":\"ZenBoat\"},\"image\":{\"@id\":\"https:\\\/\\\/zen-boat.com\\\/#\\\/schema\\\/logo\\\/image\\\/\"}}]}<\/script>\n<!-- \/ Yoast SEO plugin. -->","yoast_head_json":{"title":"Sustainability - ZenBoat","description":"The ultimate wellbeing experience for a holistic mind and body.","robots":{"index":"index","follow":"follow","max-snippet":"max-snippet:-1","max-image-preview":"max-image-preview:large","max-video-preview":"max-video-preview:-1"},"canonical":"https:\/\/zen-boat.com\/fr\/sustainability\/","og_locale":"fr_FR","og_type":"article","og_title":"Sustainability - ZenBoat","og_description":"The ultimate wellbeing experience for a holistic mind and body.","og_url":"https:\/\/zen-boat.com\/fr\/sustainability\/","og_site_name":"ZenBoat","article_modified_time":"2023-06-13T12:47:28+00:00","twitter_card":"summary_large_image","schema":{"@context":"https:\/\/schema.org","@graph":[{"@type":"WebPage","@id":"https:\/\/zen-boat.com\/sustainability\/","url":"https:\/\/zen-boat.com\/sustainability\/","name":"Sustainability - ZenBoat","isPartOf":{"@id":"https:\/\/zen-boat.com\/#website"},"datePublished":"2022-12-07T22:13:26+00:00","dateModified":"2023-06-13T12:47:28+00:00","description":"The ultimate wellbeing experience for a holistic mind and body.","breadcrumb":{"@id":"https:\/\/zen-boat.com\/sustainability\/#breadcrumb"},"inLanguage":"fr-FR","potentialAction":[{"@type":"ReadAction","target":["https:\/\/zen-boat.com\/sustainability\/"]}]},{"@type":"BreadcrumbList","@id":"https:\/\/zen-boat.com\/sustainability\/#breadcrumb","itemListElement":[{"@type":"ListItem","position":1,"name":"Home","item":"https:\/\/zen-boat.com\/"},{"@type":"ListItem","position":2,"name":"Sustainability"}]},{"@type":"WebSite","@id":"https:\/\/zen-boat.com\/#website","url":"https:\/\/zen-boat.com\/","name":"ZenBoat","description":"Luxury Sailing Trips","publisher":{"@id":"https:\/\/zen-boat.com\/#organization"},"potentialAction":[{"@type":"SearchAction","target":{"@type":"EntryPoint","urlTemplate":"https:\/\/zen-boat.com\/?s={search_term_string}"},"query-input":{"@type":"PropertyValueSpecification","valueRequired":true,"valueName":"search_term_string"}}],"inLanguage":"fr-FR"},{"@type":"Organization","@id":"https:\/\/zen-boat.com\/#organization","name":"ZenBoat","url":"https:\/\/zen-boat.com\/","logo":{"@type":"ImageObject","inLanguage":"fr-FR","@id":"https:\/\/zen-boat.com\/#\/schema\/logo\/image\/","url":"https:\/\/zen-boat.com\/wp-content\/uploads\/2022\/12\/logo.svg","contentUrl":"https:\/\/zen-boat.com\/wp-content\/uploads\/2022\/12\/logo.svg","width":"1024","height":"1024","caption":"ZenBoat"},"image":{"@id":"https:\/\/zen-boat.com\/#\/schema\/logo\/image\/"}}]}},"_links":{"self":[{"href":"https:\/\/zen-boat.com\/fr\/wp-json\/wp\/v2\/pages\/120","targetHints":{"allow":["GET"]}}],"collection":[{"href":"https:\/\/zen-boat.com\/fr\/wp-json\/wp\/v2\/pages"}],"about":[{"href":"https:\/\/zen-boat.com\/fr\/wp-json\/wp\/v2\/types\/page"}],"author":[{"embeddable":true,"href":"https:\/\/zen-boat.com\/fr\/wp-json\/wp\/v2\/users\/1"}],"replies":[{"embeddable":true,"href":"https:\/\/zen-boat.com\/fr\/wp-json\/wp\/v2\/comments?post=120"}],"version-history":[{"count":10,"href":"https:\/\/zen-boat.com\/fr\/wp-json\/wp\/v2\/pages\/120\/revisions"}],"predecessor-version":[{"id":1149,"href":"https:\/\/zen-boat.com\/fr\/wp-json\/wp\/v2\/pages\/120\/revisions\/1149"}],"wp:attachment":[{"href":"https:\/\/zen-boat.com\/fr\/wp-json\/wp\/v2\/media?parent=120"}],"curies":[{"name":"wp","href":"https:\/\/api.w.org\/{rel}","templated":true}]}}